{"id":87,"date":"2010-01-25T12:02:59","date_gmt":"2010-01-25T15:02:59","guid":{"rendered":"http:\/\/www.panaderosderosario.org.ar\/sitio\/2010\/01\/25\/escuela-de-formacion-y-empleo\/"},"modified":"2022-06-03T22:47:48","modified_gmt":"2022-06-04T01:47:48","slug":"escuela-de-formacion-y-empleo","status":"publish","type":"page","link":"https:\/\/www.panaderosderosario.org.ar\/sitio\/escuela-de-formacion-y-empleo\/","title":{"rendered":"Escuela de Capacitaci\u00f3n y Empleo"},"content":{"rendered":"<p><img loading=\"lazy\" decoding=\"async\" class=\"alignnone wp-image-1122 size-full\" src=\"https:\/\/www.panaderosderosario.org.ar\/sitio\/wp-content\/uploads\/2021\/07\/servicios6.png\" alt=\"\" width=\"785\" height=\"208\" srcset=\"https:\/\/www.panaderosderosario.org.ar\/sitio\/wp-content\/uploads\/2021\/07\/servicios6.png 785w, https:\/\/www.panaderosderosario.org.ar\/sitio\/wp-content\/uploads\/2021\/07\/servicios6-300x79.png 300w, https:\/\/www.panaderosderosario.org.ar\/sitio\/wp-content\/uploads\/2021\/07\/servicios6-768x203.png 768w\" sizes=\"(max-width: 785px) 100vw, 785px\" \/><\/p>\n<p>Contamos con una escuela cuya misi\u00f3n es formar profesionales para el sector panader\u00edl, capacitando a todas aquellas personas interesadas en introducirse a la industria. El prop\u00f3sito es contribuir al fortalecimiento de la industria panadera a trav\u00e9s del desarrollo de recursos humanos capacitados acorde a las necesidades del contexto socio laboral que circunda al sector. Actualmente se brindan cursos de:<\/p>\n<ul>\n<li><span style=\"color: #ff6600;\"><strong>ASISTENTE DE VENTAS<\/strong><\/span><\/li>\n<li><span style=\"color: #ff6600;\"><strong>AYUDANTE DE PANADER\u00cdA<\/strong><\/span><\/li>\n<li><span style=\"color: #ff6600;\"><strong>MEDIO OFICIAL PANADERO<\/strong><\/span><\/li>\n<\/ul>\n<p>Actualmente los cursos no tienen fecha de inicio hasta nuevo aviso.<\/p>\n","protected":false},"excerpt":{"rendered":"<p>Contamos con una escuela cuya misi\u00f3n es formar profesionales para el sector panader\u00edl, capacitando a todas aquellas personas interesadas en introducirse a la industria. El prop\u00f3sito es contribuir al fortalecimiento de la industria panadera a trav\u00e9s del desarrollo de recursos humanos capacitados acorde a las necesidades del contexto socio laboral que circunda al sector. Actualmente [&hellip;]<\/p>\n","protected":false},"author":1,"featured_media":0,"parent":0,"menu_order":1,"comment_status":"open","ping_status":"open","template":"","meta":{"footnotes":""},"class_list":["post-87","page","type-page","status-publish","hentry"],"_links":{"self":[{"href":"https:\/\/www.panaderosderosario.org.ar\/sitio\/wp-json\/wp\/v2\/pages\/87"}],"collection":[{"href":"https:\/\/www.panaderosderosario.org.ar\/sitio\/wp-json\/wp\/v2\/pages"}],"about":[{"href":"https:\/\/www.panaderosderosario.org.ar\/sitio\/wp-json\/wp\/v2\/types\/page"}],"author":[{"embeddable":true,"href":"https:\/\/www.panaderosderosario.org.ar\/sitio\/wp-json\/wp\/v2\/users\/1"}],"replies":[{"embeddable":true,"href":"https:\/\/www.panaderosderosario.org.ar\/sitio\/wp-json\/wp\/v2\/comments?post=87"}],"version-history":[{"count":7,"href":"https:\/\/www.panaderosderosario.org.ar\/sitio\/wp-json\/wp\/v2\/pages\/87\/revisions"}],"predecessor-version":[{"id":2352,"href":"https:\/\/www.panaderosderosario.org.ar\/sitio\/wp-json\/wp\/v2\/pages\/87\/revisions\/2352"}],"wp:attachment":[{"href":"https:\/\/www.panaderosderosario.org.ar\/sitio\/wp-json\/wp\/v2\/media?parent=87"}],"curies":[{"name":"wp","href":"https:\/\/api.w.org\/{rel}","templated":true}]}}