{"id":73,"date":"2008-12-13T10:51:35","date_gmt":"2008-12-13T13:51:35","guid":{"rendered":"http:\/\/www.panaderosderosario.org.ar\/sitio\/2008\/12\/13\/asesoramiento-contable\/"},"modified":"2021-07-28T16:28:48","modified_gmt":"2021-07-28T19:28:48","slug":"asesoramiento-contable","status":"publish","type":"page","link":"https:\/\/www.panaderosderosario.org.ar\/sitio\/asesoramiento-contable\/","title":{"rendered":"Asesoramiento Contable"},"content":{"rendered":"<p><img loading=\"lazy\" decoding=\"async\" class=\"alignnone wp-image-1113 size-full\" src=\"https:\/\/www.panaderosderosario.org.ar\/sitio\/wp-content\/uploads\/2021\/07\/servicios1-1.png\" alt=\"\" width=\"785\" height=\"208\" srcset=\"https:\/\/www.panaderosderosario.org.ar\/sitio\/wp-content\/uploads\/2021\/07\/servicios1-1.png 785w, https:\/\/www.panaderosderosario.org.ar\/sitio\/wp-content\/uploads\/2021\/07\/servicios1-1-300x79.png 300w, https:\/\/www.panaderosderosario.org.ar\/sitio\/wp-content\/uploads\/2021\/07\/servicios1-1-768x203.png 768w\" sizes=\"(max-width: 785px) 100vw, 785px\" \/><\/p>\n<p><span style=\"font-size: 14pt;\"><br \/>\nEste servicio se brinda a trav\u00e9s de los profesionales \u00c1ngel Iafornaro y Ma. Del Carmen De Bonis quienes ofrecen el asesoramiento en lo impositivo, laboral y contable.<\/span><\/p>\n<p><span style=\"font-size: 12pt;\"><strong>Este servicio incluye:<\/strong><\/span><\/p>\n<ul>\n<li>Asesoramiento y actualizaci\u00f3n impositiva<\/li>\n<li>Atenci\u00f3n de inspecciones y requerimientos<\/li>\n<li>Liquidaci\u00f3n de sueldos y salarios<\/li>\n<li>C\u00e1lculo de Prestaciones Sociales<\/li>\n<li>Transacciones laborales (acuerdos)<\/li>\n<\/ul>\n","protected":false},"excerpt":{"rendered":"<p>Este servicio se brinda a trav\u00e9s de los profesionales \u00c1ngel Iafornaro y Ma. Del Carmen De Bonis quienes ofrecen el asesoramiento en lo impositivo, laboral y contable. Este servicio incluye: Asesoramiento y actualizaci\u00f3n impositiva Atenci\u00f3n de inspecciones y requerimientos Liquidaci\u00f3n de sueldos y salarios C\u00e1lculo de Prestaciones Sociales Transacciones laborales (acuerdos)<\/p>\n","protected":false},"author":1,"featured_media":72,"parent":0,"menu_order":4,"comment_status":"open","ping_status":"open","template":"","meta":{"footnotes":""},"class_list":["post-73","page","type-page","status-publish","has-post-thumbnail","hentry"],"_links":{"self":[{"href":"https:\/\/www.panaderosderosario.org.ar\/sitio\/wp-json\/wp\/v2\/pages\/73"}],"collection":[{"href":"https:\/\/www.panaderosderosario.org.ar\/sitio\/wp-json\/wp\/v2\/pages"}],"about":[{"href":"https:\/\/www.panaderosderosario.org.ar\/sitio\/wp-json\/wp\/v2\/types\/page"}],"author":[{"embeddable":true,"href":"https:\/\/www.panaderosderosario.org.ar\/sitio\/wp-json\/wp\/v2\/users\/1"}],"replies":[{"embeddable":true,"href":"https:\/\/www.panaderosderosario.org.ar\/sitio\/wp-json\/wp\/v2\/comments?post=73"}],"version-history":[{"count":8,"href":"https:\/\/www.panaderosderosario.org.ar\/sitio\/wp-json\/wp\/v2\/pages\/73\/revisions"}],"predecessor-version":[{"id":1114,"href":"https:\/\/www.panaderosderosario.org.ar\/sitio\/wp-json\/wp\/v2\/pages\/73\/revisions\/1114"}],"wp:featuredmedia":[{"embeddable":true,"href":"https:\/\/www.panaderosderosario.org.ar\/sitio\/wp-json\/wp\/v2\/media\/72"}],"wp:attachment":[{"href":"https:\/\/www.panaderosderosario.org.ar\/sitio\/wp-json\/wp\/v2\/media?parent=73"}],"curies":[{"name":"wp","href":"https:\/\/api.w.org\/{rel}","templated":true}]}}