{"id":70,"date":"2009-12-08T13:48:41","date_gmt":"2009-12-08T16:48:41","guid":{"rendered":"http:\/\/www.panaderosderosario.org.ar\/sitio\/2009\/12\/08\/camping\/"},"modified":"2021-07-15T21:13:59","modified_gmt":"2021-07-16T00:13:59","slug":"camping","status":"publish","type":"page","link":"https:\/\/www.panaderosderosario.org.ar\/sitio\/camping\/","title":{"rendered":"Camping"},"content":{"rendered":"<p><img loading=\"lazy\" decoding=\"async\" class=\"alignnone wp-image-1126 size-full\" src=\"https:\/\/www.panaderosderosario.org.ar\/sitio\/wp-content\/uploads\/2021\/07\/servicios4.png\" alt=\"\" width=\"785\" height=\"208\" srcset=\"https:\/\/www.panaderosderosario.org.ar\/sitio\/wp-content\/uploads\/2021\/07\/servicios4.png 785w, https:\/\/www.panaderosderosario.org.ar\/sitio\/wp-content\/uploads\/2021\/07\/servicios4-300x79.png 300w, https:\/\/www.panaderosderosario.org.ar\/sitio\/wp-content\/uploads\/2021\/07\/servicios4-768x203.png 768w\" sizes=\"(max-width: 785px) 100vw, 785px\" \/><\/p>\n<p><span style=\"font-size: 14pt;\">Poseemos un predio en la localidad de Soldini, el cual cuenta con:<\/span><\/p>\n<ul>\n<li>Quincho cubierto<\/li>\n<li>Sector de camping (con parrilleros)<\/li>\n<li>Pileta de nataci\u00f3n y pileta para ni\u00f1os<\/li>\n<li>\u00c1rea recreativa con canchas de f\u00fatbol, tenis, bochas, v\u00f3ley<\/li>\n<li>Servicio de buffet<\/li>\n<\/ul>\n<p><em>Toda el \u00e1rea est\u00e1 protegida con cobertura de Emergencias y Ambulancia.<\/em><\/p>\n","protected":false},"excerpt":{"rendered":"<p>Poseemos un predio en la localidad de Soldini, el cual cuenta con: Quincho cubierto Sector de camping (con parrilleros) Pileta de nataci\u00f3n y pileta para ni\u00f1os \u00c1rea recreativa con canchas de f\u00fatbol, tenis, bochas, v\u00f3ley Servicio de buffet Toda el \u00e1rea est\u00e1 protegida con cobertura de Emergencias y Ambulancia.<\/p>\n","protected":false},"author":1,"featured_media":69,"parent":0,"menu_order":7,"comment_status":"open","ping_status":"open","template":"","meta":{"footnotes":""},"class_list":["post-70","page","type-page","status-publish","has-post-thumbnail","hentry"],"_links":{"self":[{"href":"https:\/\/www.panaderosderosario.org.ar\/sitio\/wp-json\/wp\/v2\/pages\/70"}],"collection":[{"href":"https:\/\/www.panaderosderosario.org.ar\/sitio\/wp-json\/wp\/v2\/pages"}],"about":[{"href":"https:\/\/www.panaderosderosario.org.ar\/sitio\/wp-json\/wp\/v2\/types\/page"}],"author":[{"embeddable":true,"href":"https:\/\/www.panaderosderosario.org.ar\/sitio\/wp-json\/wp\/v2\/users\/1"}],"replies":[{"embeddable":true,"href":"https:\/\/www.panaderosderosario.org.ar\/sitio\/wp-json\/wp\/v2\/comments?post=70"}],"version-history":[{"count":8,"href":"https:\/\/www.panaderosderosario.org.ar\/sitio\/wp-json\/wp\/v2\/pages\/70\/revisions"}],"predecessor-version":[{"id":1128,"href":"https:\/\/www.panaderosderosario.org.ar\/sitio\/wp-json\/wp\/v2\/pages\/70\/revisions\/1128"}],"wp:featuredmedia":[{"embeddable":true,"href":"https:\/\/www.panaderosderosario.org.ar\/sitio\/wp-json\/wp\/v2\/media\/69"}],"wp:attachment":[{"href":"https:\/\/www.panaderosderosario.org.ar\/sitio\/wp-json\/wp\/v2\/media?parent=70"}],"curies":[{"name":"wp","href":"https:\/\/api.w.org\/{rel}","templated":true}]}}