{"id":36,"date":"2009-01-07T15:40:37","date_gmt":"2009-01-07T18:40:37","guid":{"rendered":"http:\/\/www.panaderosderosario.org.ar\/sitio\/2009\/01\/07\/asesoramiento-juridico\/"},"modified":"2021-07-28T16:29:08","modified_gmt":"2021-07-28T19:29:08","slug":"asesoramiento-juridico","status":"publish","type":"page","link":"https:\/\/www.panaderosderosario.org.ar\/sitio\/asesoramiento-juridico\/","title":{"rendered":"Asesoramiento Jur\u00eddico"},"content":{"rendered":"<p><img loading=\"lazy\" decoding=\"async\" class=\"alignnone wp-image-1115 size-full\" src=\"https:\/\/www.panaderosderosario.org.ar\/sitio\/wp-content\/uploads\/2021\/07\/servicios2.png\" alt=\"\" width=\"785\" height=\"208\" srcset=\"https:\/\/www.panaderosderosario.org.ar\/sitio\/wp-content\/uploads\/2021\/07\/servicios2.png 785w, https:\/\/www.panaderosderosario.org.ar\/sitio\/wp-content\/uploads\/2021\/07\/servicios2-300x79.png 300w, https:\/\/www.panaderosderosario.org.ar\/sitio\/wp-content\/uploads\/2021\/07\/servicios2-768x203.png 768w\" sizes=\"(max-width: 785px) 100vw, 785px\" \/><\/p>\n<p><span style=\"font-size: 14pt;\">Asesoramiento Legal a trav\u00e9s del Estudio Jur\u00eddico de la Dra. Silvia Incremona, quien brinda los servicios de asesoramiento y resoluci\u00f3n de conflictos en;<\/span><\/p>\n<ul>\n<li>\u00c1rea Civil,<\/li>\n<li>\u00c1rea Comercial: con recomendaciones integrales en redacci\u00f3n y confecci\u00f3n de contratos<\/li>\n<li>\u00c1rea Laboral: con informaci\u00f3n general, gestiones extrajudiciales y judiciales para resolver conflictos, redacci\u00f3n de contratos laborales, asesoramiento con respecto a Ley de Contrato de Trabajo y Ley de Accidentes de Trabajo, brindando al cliente un respaldo informativo de su ART y representaci\u00f3n ante la Secretar\u00eda de Trabajo.<\/li>\n<\/ul>\n<p>Se hace hincapi\u00e9 en que el asesoramiento y resoluci\u00f3n de conflictos en las \u00e1reas mencionadas son tanto en el \u00e1mbito Judicial como Extrajudicial y la presentaci\u00f3n en los Organismos Provinciales y\/o Municipales relacionados con los temas antes descriptos. Se deja constancia que NO est\u00e1n incluidos sellados fiscales, provinciales y\/o nacionales existentes, creados o a crearse y los aportes judiciales de Ley Obligatorios.<\/p>\n","protected":false},"excerpt":{"rendered":"<p>Asesoramiento Legal a trav\u00e9s del Estudio Jur\u00eddico de la Dra. Silvia Incremona, quien brinda los servicios de asesoramiento y resoluci\u00f3n de conflictos en; \u00c1rea Civil, \u00c1rea Comercial: con recomendaciones integrales en redacci\u00f3n y confecci\u00f3n de contratos \u00c1rea Laboral: con informaci\u00f3n general, gestiones extrajudiciales y judiciales para resolver conflictos, redacci\u00f3n de contratos laborales, asesoramiento con respecto [&hellip;]<\/p>\n","protected":false},"author":1,"featured_media":35,"parent":0,"menu_order":5,"comment_status":"open","ping_status":"open","template":"","meta":{"footnotes":""},"class_list":["post-36","page","type-page","status-publish","has-post-thumbnail","hentry"],"_links":{"self":[{"href":"https:\/\/www.panaderosderosario.org.ar\/sitio\/wp-json\/wp\/v2\/pages\/36"}],"collection":[{"href":"https:\/\/www.panaderosderosario.org.ar\/sitio\/wp-json\/wp\/v2\/pages"}],"about":[{"href":"https:\/\/www.panaderosderosario.org.ar\/sitio\/wp-json\/wp\/v2\/types\/page"}],"author":[{"embeddable":true,"href":"https:\/\/www.panaderosderosario.org.ar\/sitio\/wp-json\/wp\/v2\/users\/1"}],"replies":[{"embeddable":true,"href":"https:\/\/www.panaderosderosario.org.ar\/sitio\/wp-json\/wp\/v2\/comments?post=36"}],"version-history":[{"count":8,"href":"https:\/\/www.panaderosderosario.org.ar\/sitio\/wp-json\/wp\/v2\/pages\/36\/revisions"}],"predecessor-version":[{"id":1117,"href":"https:\/\/www.panaderosderosario.org.ar\/sitio\/wp-json\/wp\/v2\/pages\/36\/revisions\/1117"}],"wp:featuredmedia":[{"embeddable":true,"href":"https:\/\/www.panaderosderosario.org.ar\/sitio\/wp-json\/wp\/v2\/media\/35"}],"wp:attachment":[{"href":"https:\/\/www.panaderosderosario.org.ar\/sitio\/wp-json\/wp\/v2\/media?parent=36"}],"curies":[{"name":"wp","href":"https:\/\/api.w.org\/{rel}","templated":true}]}}