{"id":143,"date":"2011-07-22T15:51:53","date_gmt":"2011-07-22T18:51:53","guid":{"rendered":"http:\/\/www.panaderosderosario.org.ar\/sitio\/2011\/07\/22\/comision-directiva\/"},"modified":"2025-07-21T10:45:02","modified_gmt":"2025-07-21T13:45:02","slug":"comision-directiva","status":"publish","type":"page","link":"https:\/\/www.panaderosderosario.org.ar\/sitio\/comision-directiva\/","title":{"rendered":"Comisi\u00f3n Directiva"},"content":{"rendered":"<table style=\"height: 384px; width: 100%;\" border=\"0\" cellspacing=\"0\" cellpadding=\"0\">\n<tbody>\n<tr style=\"height: 24px;\">\n<td style=\"height: 24px; width: 132.938px;\" align=\"left\" valign=\"top\"><span style=\"color: #ff4d00;\"><strong><span style=\"font-size: 18px;\">Presidente<\/span><\/strong><\/span><\/td>\n<td style=\"height: 24px; width: 20.1094px;\" valign=\"top\"><\/td>\n<td style=\"height: 24px; width: 577.938px;\" valign=\"top\"><strong><span style=\"font-size: 17px;\">Diab Jerem\u00edas<\/span><\/strong><\/td>\n<\/tr>\n<tr style=\"height: 24px;\">\n<td style=\"height: 24px; width: 132.938px;\" align=\"left\" valign=\"top\"><span style=\"color: #ff4d00;\"><strong><span style=\"font-size: 14px;\">Vicepresidente<\/span><\/strong><\/span><\/td>\n<td style=\"height: 24px; width: 20.1094px;\" valign=\"top\"><\/td>\n<td style=\"height: 24px; width: 577.938px;\" valign=\"top\"><span style=\"font-size: 14px;\">Paglia Ariel Nicol\u00e1s<\/span><\/td>\n<\/tr>\n<tr style=\"height: 24px;\">\n<td style=\"height: 24px; width: 132.938px;\" align=\"left\" valign=\"top\"><span style=\"color: #ff4d00;\"><strong><span style=\"font-size: 14px;\">Secretario<\/span><\/strong><\/span><\/td>\n<td style=\"height: 24px; width: 20.1094px;\" valign=\"top\"><\/td>\n<td style=\"height: 24px; width: 577.938px;\" valign=\"top\"><span style=\"font-size: 14px; line-height: normal;\"><span style=\"font-size: 14px;\">Gal\u00e1n Franco Alberto<\/span><\/span><\/td>\n<\/tr>\n<tr style=\"height: 24px;\">\n<td style=\"height: 24px; width: 132.938px;\" align=\"left\" valign=\"top\"><span style=\"color: #ff4d00;\"><strong><span style=\"font-size: 14px;\">Pro-secretario<\/span><\/strong><\/span><\/td>\n<td style=\"height: 24px; width: 20.1094px;\" valign=\"top\"><\/td>\n<td style=\"height: 24px; width: 577.938px;\" valign=\"top\"><span style=\"font-size: 14px;\">Carballo Luis Maria<\/span><\/td>\n<\/tr>\n<tr style=\"height: 24px;\">\n<td style=\"height: 24px; width: 132.938px;\" align=\"left\" valign=\"top\"><span style=\"color: #ff4d00;\"><strong><span style=\"font-size: 14px;\">Tesorero<\/span><\/strong><\/span><\/td>\n<td style=\"height: 24px; width: 20.1094px;\" valign=\"top\"><\/td>\n<td style=\"height: 24px; width: 577.938px;\" valign=\"top\"><span style=\"font-size: 14px; line-height: normal;\"><span style=\"font-size: 14px;\">Ghisolfi Lionel Alberto<\/span><\/span><\/td>\n<\/tr>\n<tr style=\"height: 24px;\">\n<td style=\"height: 24px; width: 132.938px;\" align=\"left\" valign=\"top\"><span style=\"color: #ff4d00;\"><strong><span style=\"font-size: 14px;\">Protesorero<\/span><\/strong><\/span><\/td>\n<td style=\"height: 24px; width: 20.1094px;\" valign=\"top\"><\/td>\n<td style=\"height: 24px; width: 577.938px;\" valign=\"top\"><span style=\"font-size: 14px; line-height: normal;\"><span style=\"font-size: 14px;\">Vitantonio Jorge Raul Felix<\/span><\/span><\/td>\n<\/tr>\n<tr style=\"height: 24px;\">\n<td style=\"height: 24px; width: 132.938px;\" align=\"left\" valign=\"top\"><span style=\"color: #ff4d00;\"><strong><span style=\"font-size: 14px;\">1\u00ba Vocal Titular<\/span><\/strong><\/span><\/td>\n<td style=\"height: 24px; width: 20.1094px;\" valign=\"top\"><\/td>\n<td style=\"height: 24px; width: 577.938px;\" valign=\"top\"><span style=\"font-size: 14px;\">Gettig Edgar Yamil<\/span><\/td>\n<\/tr>\n<tr style=\"height: 24px;\">\n<td style=\"height: 24px; width: 132.938px;\" align=\"left\" valign=\"top\"><span style=\"color: #ff4d00;\"><strong><span style=\"font-size: 14px;\">2\u00ba Vocal Titular<\/span><\/strong><\/span><\/td>\n<td style=\"height: 24px; width: 20.1094px;\" valign=\"top\"><\/td>\n<td style=\"height: 24px; width: 577.938px;\" valign=\"top\"><span style=\"font-size: 14px;\">Casella Patricia Lorena<\/span><\/td>\n<\/tr>\n<tr style=\"height: 24px;\">\n<td style=\"height: 24px; width: 132.938px;\" align=\"left\" valign=\"top\"><span style=\"color: #ff4d00;\"><strong><span style=\"font-size: 14px;\">3\u00ba Vocal Titular<\/span><\/strong><\/span><\/td>\n<td style=\"height: 24px; width: 20.1094px;\" valign=\"top\"><\/td>\n<td style=\"height: 24px; width: 577.938px;\" valign=\"top\"><span style=\"font-size: 14px; line-height: normal;\"><span style=\"font-size: 14px;\">Reynoso Fernando Dami\u00e1n<\/span><\/span><\/td>\n<\/tr>\n<tr style=\"height: 24px;\">\n<td style=\"height: 24px; width: 132.938px;\" align=\"left\" valign=\"top\"><span style=\"color: #ff4d00;\"><strong><span style=\"font-size: 14px;\">1\u00ba Vocal Suplente<\/span><\/strong><\/span><\/td>\n<td style=\"height: 24px; width: 20.1094px;\" valign=\"top\"><\/td>\n<td style=\"height: 24px; width: 577.938px;\" valign=\"top\"><span style=\"font-size: 14px; line-height: normal;\"><span style=\"font-size: 14px;\">Vitantonio Juan Clemente<\/span><\/span><\/td>\n<\/tr>\n<tr style=\"height: 24px;\">\n<td style=\"height: 24px; width: 132.938px;\" align=\"left\" valign=\"top\"><span style=\"color: #ff4d00;\"><strong><span style=\"font-size: 14px;\">2\u00ba Vocal Suplente<\/span><\/strong><\/span><\/td>\n<td style=\"height: 24px; width: 20.1094px;\" valign=\"top\"><\/td>\n<td style=\"height: 24px; width: 577.938px;\" valign=\"top\"><span style=\"font-size: 14px;\">Astegiano Matias Felix<\/span><\/td>\n<\/tr>\n<tr style=\"height: 24px;\">\n<td style=\"height: 24px; width: 132.938px;\" align=\"left\" valign=\"top\"><span style=\"color: #ff4d00;\"><strong><span style=\"font-size: 14px;\">3\u00ba Vocal Suplente<\/span><\/strong><\/span><\/td>\n<td style=\"height: 24px; width: 20.1094px;\" valign=\"top\"><\/td>\n<td style=\"height: 24px; width: 577.938px;\" valign=\"top\"><span style=\"font-size: 14px;\">Ayelo Gonzalo Emilio<\/span><\/td>\n<\/tr>\n<tr style=\"height: 24px;\">\n<td style=\"height: 24px; width: 132.938px;\" align=\"left\" valign=\"top\"><span style=\"color: #ff4d00;\"><strong><span style=\"font-size: 14px;\">Revisor de cuentas<\/span><\/strong><\/span><\/td>\n<td style=\"height: 24px; width: 20.1094px;\" valign=\"top\"><\/td>\n<td style=\"height: 24px; width: 577.938px;\" valign=\"top\"><span style=\"font-size: 14px;\">Serafin Mario Francisco<\/span><\/td>\n<\/tr>\n<tr style=\"height: 24px;\">\n<td style=\"height: 24px; width: 132.938px;\" align=\"left\" valign=\"top\"><span style=\"color: #ff4d00;\"><strong><span style=\"font-size: 14px;\">Revisor de cuentas suplente<\/span><\/strong><\/span><\/td>\n<td style=\"height: 24px; width: 20.1094px;\" valign=\"top\"><\/td>\n<td style=\"height: 24px; width: 577.938px;\" valign=\"top\"><span style=\"font-size: 14px;\">Cristofaro Andr\u00e9s Norberto<\/span><\/td>\n<\/tr>\n<tr style=\"height: 24px;\">\n<td style=\"height: 24px; width: 132.938px;\" align=\"left\" valign=\"top\"><span style=\"color: #ff4d00;\"><strong><span style=\"font-size: 14px;\">Director Escuela de Capacitaci\u00f3n<\/span><\/strong><\/span><\/td>\n<td style=\"height: 24px; width: 20.1094px;\" valign=\"top\"><\/td>\n<td style=\"height: 24px; width: 577.938px;\" valign=\"top\"><span style=\"font-size: 14px;\">Igrassia Omar Ra\u00fal<\/span><\/td>\n<\/tr>\n<tr style=\"height: 24px;\">\n<td style=\"height: 24px; width: 132.938px;\" align=\"left\" valign=\"top\"><\/td>\n<td style=\"height: 24px; width: 20.1094px;\" valign=\"top\"><\/td>\n<td style=\"height: 24px; width: 577.938px;\" valign=\"top\"><\/td>\n<\/tr>\n<\/tbody>\n<\/table>\n<table style=\"height: 171px;\" border=\"0\" width=\"300\" cellspacing=\"0\" cellpadding=\"0\">\n<tbody>\n<tr style=\"height: 27px;\">\n<td style=\"height: 27px; width: 296px;\" valign=\"top\"><span style=\"font-weight: bold; color: #ff4d00; font-size: 18px;\">Staff de Profesionales:<\/span><\/td>\n<\/tr>\n<tr style=\"height: 24px;\">\n<td style=\"height: 24px; width: 296px;\" valign=\"top\">Dra. Silvia Incremona<\/td>\n<\/tr>\n<tr style=\"height: 24px;\">\n<td style=\"height: 24px; width: 296px;\" valign=\"top\">CPN. M. del Carmen De Bonis<\/td>\n<\/tr>\n<tr style=\"height: 24px;\">\n<td style=\"height: 24px; width: 296px;\" valign=\"top\"><\/td>\n<\/tr>\n<tr style=\"height: 24px;\">\n<td style=\"height: 24px; width: 296px;\" valign=\"top\">Sria. Graciela Allena<\/td>\n<\/tr>\n<tr style=\"height: 24px;\">\n<td style=\"height: 24px; width: 296px;\" valign=\"top\">DG Cintia Pendino<\/td>\n<\/tr>\n<tr style=\"height: 24px;\">\n<td style=\"height: 24px; width: 296px;\" valign=\"top\"><\/td>\n<\/tr>\n<\/tbody>\n<\/table>\n","protected":false},"excerpt":{"rendered":"<p>Presidente Diab Jerem\u00edas Vicepresidente Paglia Ariel Nicol\u00e1s Secretario Gal\u00e1n Franco Alberto Pro-secretario Carballo Luis Maria Tesorero Ghisolfi Lionel Alberto Protesorero Vitantonio Jorge Raul Felix 1\u00ba Vocal Titular Gettig Edgar Yamil 2\u00ba Vocal Titular Casella Patricia Lorena 3\u00ba Vocal Titular Reynoso Fernando Dami\u00e1n 1\u00ba Vocal Suplente Vitantonio Juan Clemente 2\u00ba Vocal Suplente Astegiano Matias Felix 3\u00ba [&hellip;]<\/p>\n","protected":false},"author":1,"featured_media":0,"parent":0,"menu_order":2,"comment_status":"closed","ping_status":"open","template":"","meta":{"footnotes":""},"class_list":["post-143","page","type-page","status-publish","hentry"],"_links":{"self":[{"href":"https:\/\/www.panaderosderosario.org.ar\/sitio\/wp-json\/wp\/v2\/pages\/143"}],"collection":[{"href":"https:\/\/www.panaderosderosario.org.ar\/sitio\/wp-json\/wp\/v2\/pages"}],"about":[{"href":"https:\/\/www.panaderosderosario.org.ar\/sitio\/wp-json\/wp\/v2\/types\/page"}],"author":[{"embeddable":true,"href":"https:\/\/www.panaderosderosario.org.ar\/sitio\/wp-json\/wp\/v2\/users\/1"}],"replies":[{"embeddable":true,"href":"https:\/\/www.panaderosderosario.org.ar\/sitio\/wp-json\/wp\/v2\/comments?post=143"}],"version-history":[{"count":15,"href":"https:\/\/www.panaderosderosario.org.ar\/sitio\/wp-json\/wp\/v2\/pages\/143\/revisions"}],"predecessor-version":[{"id":2615,"href":"https:\/\/www.panaderosderosario.org.ar\/sitio\/wp-json\/wp\/v2\/pages\/143\/revisions\/2615"}],"wp:attachment":[{"href":"https:\/\/www.panaderosderosario.org.ar\/sitio\/wp-json\/wp\/v2\/media?parent=143"}],"curies":[{"name":"wp","href":"https:\/\/api.w.org\/{rel}","templated":true}]}}