{"id":142,"date":"2011-07-22T15:44:55","date_gmt":"2011-07-22T18:44:55","guid":{"rendered":"http:\/\/www.panaderosderosario.org.ar\/sitio\/2011\/07\/22\/aipr\/"},"modified":"2021-07-28T16:14:15","modified_gmt":"2021-07-28T19:14:15","slug":"nosotros","status":"publish","type":"page","link":"https:\/\/www.panaderosderosario.org.ar\/sitio\/nosotros\/","title":{"rendered":"Nosotros"},"content":{"rendered":"<p><img loading=\"lazy\" decoding=\"async\" class=\"alignnone wp-image-1073 size-full\" src=\"https:\/\/www.panaderosderosario.org.ar\/sitio\/wp-content\/uploads\/2021\/07\/panaderosrosario.png\" alt=\"\" width=\"870\" height=\"350\" srcset=\"https:\/\/www.panaderosderosario.org.ar\/sitio\/wp-content\/uploads\/2021\/07\/panaderosrosario.png 870w, https:\/\/www.panaderosderosario.org.ar\/sitio\/wp-content\/uploads\/2021\/07\/panaderosrosario-300x121.png 300w, https:\/\/www.panaderosderosario.org.ar\/sitio\/wp-content\/uploads\/2021\/07\/panaderosrosario-768x309.png 768w\" sizes=\"(max-width: 870px) 100vw, 870px\" \/><\/p>\n<p><span style=\"font-size: 13pt;\">La Asociaci\u00f3n de Industriales Panaderos y Afines de Rosario es una instituci\u00f3n cuya principal finalidad es actuar en defensa de los Industriales Panaderos. Asimismo su prop\u00f3sito es la b\u00fasqueda permanente de oportunidades que permitan el crecimiento constante de la industria en todos sus escenarios.<\/span><\/p>\n<p>Si a\u00fan no se encuentra asociado, puede descargar la Solicitud de Afiliaci\u00f3n. Debe completarla y enviarla a nuestra sede junto con una copia de la Habilitaci\u00f3n Municipal y Constancia de CUIL.<\/p>\n<a href=\"https:\/\/www.panaderosderosario.org.ar\/sitio\/wp-content\/uploads\/2011\/07\/solicituddesocio.pdf\" target=\"_blank\" class=\"btn btn-border btn-medium btn-default\" style=\"border-color:#ff7214;color:#ff7214\">Descarga\u00a0la Solicitud de Afiliaci\u00f3n<span><\/span><\/a>\n","protected":false},"excerpt":{"rendered":"<p>La Asociaci\u00f3n de Industriales Panaderos y Afines de Rosario es una instituci\u00f3n cuya principal finalidad es actuar en defensa de los Industriales Panaderos. Asimismo su prop\u00f3sito es la b\u00fasqueda permanente de oportunidades que permitan el crecimiento constante de la industria en todos sus escenarios. Si a\u00fan no se encuentra asociado, puede descargar la Solicitud de [&hellip;]<\/p>\n","protected":false},"author":1,"featured_media":0,"parent":0,"menu_order":3,"comment_status":"closed","ping_status":"closed","template":"","meta":{"footnotes":""},"class_list":["post-142","page","type-page","status-publish","hentry"],"_links":{"self":[{"href":"https:\/\/www.panaderosderosario.org.ar\/sitio\/wp-json\/wp\/v2\/pages\/142"}],"collection":[{"href":"https:\/\/www.panaderosderosario.org.ar\/sitio\/wp-json\/wp\/v2\/pages"}],"about":[{"href":"https:\/\/www.panaderosderosario.org.ar\/sitio\/wp-json\/wp\/v2\/types\/page"}],"author":[{"embeddable":true,"href":"https:\/\/www.panaderosderosario.org.ar\/sitio\/wp-json\/wp\/v2\/users\/1"}],"replies":[{"embeddable":true,"href":"https:\/\/www.panaderosderosario.org.ar\/sitio\/wp-json\/wp\/v2\/comments?post=142"}],"version-history":[{"count":13,"href":"https:\/\/www.panaderosderosario.org.ar\/sitio\/wp-json\/wp\/v2\/pages\/142\/revisions"}],"predecessor-version":[{"id":2171,"href":"https:\/\/www.panaderosderosario.org.ar\/sitio\/wp-json\/wp\/v2\/pages\/142\/revisions\/2171"}],"wp:attachment":[{"href":"https:\/\/www.panaderosderosario.org.ar\/sitio\/wp-json\/wp\/v2\/media?parent=142"}],"curies":[{"name":"wp","href":"https:\/\/api.w.org\/{rel}","templated":true}]}}