{"id":140,"date":"2011-07-22T15:42:22","date_gmt":"2011-07-22T18:42:22","guid":{"rendered":"http:\/\/www.panaderosderosario.org.ar\/sitio\/2011\/07\/22\/historia-aipr\/"},"modified":"2022-06-03T22:45:37","modified_gmt":"2022-06-04T01:45:37","slug":"historia-aipar","status":"publish","type":"page","link":"https:\/\/www.panaderosderosario.org.ar\/sitio\/historia-aipar\/","title":{"rendered":"Historia AIPAR"},"content":{"rendered":"<p><img loading=\"lazy\" decoding=\"async\" class=\"alignnone wp-image-1073 size-full\" src=\"https:\/\/www.panaderosderosario.org.ar\/sitio\/wp-content\/uploads\/2021\/07\/panaderosrosario.png\" alt=\"\" width=\"870\" height=\"350\" srcset=\"https:\/\/www.panaderosderosario.org.ar\/sitio\/wp-content\/uploads\/2021\/07\/panaderosrosario.png 870w, https:\/\/www.panaderosderosario.org.ar\/sitio\/wp-content\/uploads\/2021\/07\/panaderosrosario-300x121.png 300w, https:\/\/www.panaderosderosario.org.ar\/sitio\/wp-content\/uploads\/2021\/07\/panaderosrosario-768x309.png 768w\" sizes=\"(max-width: 870px) 100vw, 870px\" \/><\/p>\n<p>A principios del siglo pasado, el crecimiento de nuestra ciudad era asombroso y pujante, nuestro puerto sobre el Paran\u00e1 le confer\u00eda un acentuado privilegio, era el granero del mundo, y por ello fueron surgiendo valiosas instituciones para el fomento agropecuario y mercantil.<\/p>\n<p><span style=\"font-size: 14pt; color: #ff6600;\">El <strong>7 de Mayo de 1904<\/strong>, un grupo de pioneros dejaron escrito en un <strong>Acta de Constituci\u00f3n<\/strong> lo que pensaban y sent\u00edan, as\u00ed fue como se fundaba el Centro de Propietarios de Panader\u00edas, al que hoy denominamos <strong>Asociaci\u00f3n Industriales Panaderos y Afines de Rosario<\/strong>. Aquella acta constitutiva estaba suscripta por Francisco Bruera, como presidente, y Juan Irigaray, como secretario, y fue la base de esta querida asociaci\u00f3n de hoy. Fue un hecho notable ya que era una de las primeras instituciones que se creaban, por aquel entonces s\u00f3lo exist\u00eda en el pa\u00eds un Centro de Panaderos en la Capital Federal.<\/span><\/p>\n<p><strong>El 26 de Julio de 1941, se inauguraron las instalaciones de la actual sede, orgullo de todos los panaderos de la ciudad.<\/strong><\/p>\n<p>Nuestra Asociaci\u00f3n desde su creaci\u00f3n integr\u00f3 la Federaci\u00f3n Nacional de la Industria del Pan y Afines de la Rep\u00fablica Argentina.<\/p>\n<p>Fueron a\u00f1os de lucha permanente, de batallas sectoriales, de inquietudes constantes, de preocupaciones gremiales, de actuaciones ante el Ministerio de Trabajo, Instituto del Alimento, Control Urbano, Inspecci\u00f3n General, Sindicatos de Panaderos y de Confiteros, etc., los cuales son escenarios de debates permanentes, donde se trata de buscar soluciones equitativas y justas para todos.<\/p>\n<p>A trav\u00e9s del trabajo y esfuerzo permanente de quienes dedican horas de su vida a esta Instituci\u00f3n, se puede alcanzar en forma din\u00e1mica el desarrollo y la integraci\u00f3n del sector.<\/p>\n<p><img loading=\"lazy\" decoding=\"async\" class=\"size-full wp-image-802 aligncenter\" src=\"https:\/\/www.panaderosderosario.org.ar\/sitio\/wp-content\/uploads\/2018\/06\/desde.jpg\" alt=\"\" width=\"371\" height=\"89\" srcset=\"https:\/\/www.panaderosderosario.org.ar\/sitio\/wp-content\/uploads\/2018\/06\/desde.jpg 371w, https:\/\/www.panaderosderosario.org.ar\/sitio\/wp-content\/uploads\/2018\/06\/desde-300x72.jpg 300w\" sizes=\"(max-width: 371px) 100vw, 371px\" \/><\/p>\n<p>Con el paso de los a\u00f1os se han mejorado las instalaciones de nuestra sede, la que cuenta con un hermoso Sal\u00f3n de Fiestas. Se cuenta tambi\u00e9n con nuestro Camping de Soldini, adquirido el 30 de Noviembre de 1979, donde permanentemente se est\u00e1n realizando mejoras en las instalaciones.<\/p>\n<p><span style=\"font-size: 14pt; color: #ff6600;\">La <strong>Escuela de Capacitaci\u00f3n y Empleo de la Asociaci\u00f3n nace formalmente el 16 de septiembre de 2009<\/strong>, sin embargo \u00e9sta comienza a gestarse en el a\u00f1o 2006, cuando se detecta la necesidad de la creaci\u00f3n de un establecimiento de <strong>formaci\u00f3n y educaci\u00f3n de futuros obreros panaderos<\/strong>, con la finalidad de formar j\u00f3venes en la actividad, que puedan conocer acabadamente el oficio y de este modo atender a la necesidad que exist\u00eda en el sector, de aumentar la cantidad de personal capacitado en el oficio.<\/span><\/p>\n<p>La consecuci\u00f3n de este proyecto de escuela se logra por la colaboraci\u00f3n de la FAIPA, la cual confirma la necesidad de aumentar la oferta de mano de obra formada en la industria panaderil y por tal motivo interviene en la creaci\u00f3n de 5 escuelas en todo el territorio Argentino, una de las cuales fue en Rosario, Santa Fe. Asimismo el Ministerio de Trabajo de la Naci\u00f3n, facilit\u00f3 la maquinaria necesaria para equipar la cuadra, mientras que la propia AIPAR se encarg\u00f3 de las obras necesarias de infraestructura para montar el aula y la cuadra en la cual se prestan las clases pr\u00e1cticas.<\/p>\n<p>En el a\u00f1o de inauguraci\u00f3n se capacit\u00f3 a 45 personas, en el a\u00f1o 2010 se capacit\u00f3 a 82 personas. La escuela brinda tres cursos diferentes; Asistente de Ventas, Ayudante de Panader\u00eda, Medio Oficial Panadero.<\/p>\n<p>Tambi\u00e9n contamos con un importante asesoramiento contable y legal.<\/p>\n<p><span style=\"font-size: 14pt;\">En la actualidad, mucho es lo que nuestra Asociaci\u00f3n trabaja para <strong>brindar m\u00e1s y mejores servicios y beneficios para nuestros afiliados<\/strong>.<\/span><\/p>\n<p>Desde noviembre del 2020 estamos en nuestra nueva sede en Mitre 2607, donde se pint\u00f3 un mural mostrando nuestro oficio y nuestras ra\u00edces. Se equip\u00f3 la Escuela de Capacitaci\u00f3n y Empleo con maquinarias nuevas y hornos el\u00e9ctricos. La nueva sede cuenta con oficinas amuebladas totalmente, sala de reuniones y aula\/auditorio en planta alta. Para la planta baja quedan proyectos a realizar, como la elaboraci\u00f3n de productos para cel\u00edacos y proveedur\u00eda de materia prima para nuestros socios.<\/p>\n","protected":false},"excerpt":{"rendered":"<p>A principios del siglo pasado, el crecimiento de nuestra ciudad era asombroso y pujante, nuestro puerto sobre el Paran\u00e1 le confer\u00eda un acentuado privilegio, era el granero del mundo, y por ello fueron surgiendo valiosas instituciones para el fomento agropecuario y mercantil. El 7 de Mayo de 1904, un grupo de pioneros dejaron escrito en [&hellip;]<\/p>\n","protected":false},"author":1,"featured_media":139,"parent":0,"menu_order":4,"comment_status":"closed","ping_status":"open","template":"","meta":{"footnotes":""},"class_list":["post-140","page","type-page","status-publish","has-post-thumbnail","hentry"],"_links":{"self":[{"href":"https:\/\/www.panaderosderosario.org.ar\/sitio\/wp-json\/wp\/v2\/pages\/140"}],"collection":[{"href":"https:\/\/www.panaderosderosario.org.ar\/sitio\/wp-json\/wp\/v2\/pages"}],"about":[{"href":"https:\/\/www.panaderosderosario.org.ar\/sitio\/wp-json\/wp\/v2\/types\/page"}],"author":[{"embeddable":true,"href":"https:\/\/www.panaderosderosario.org.ar\/sitio\/wp-json\/wp\/v2\/users\/1"}],"replies":[{"embeddable":true,"href":"https:\/\/www.panaderosderosario.org.ar\/sitio\/wp-json\/wp\/v2\/comments?post=140"}],"version-history":[{"count":13,"href":"https:\/\/www.panaderosderosario.org.ar\/sitio\/wp-json\/wp\/v2\/pages\/140\/revisions"}],"predecessor-version":[{"id":2351,"href":"https:\/\/www.panaderosderosario.org.ar\/sitio\/wp-json\/wp\/v2\/pages\/140\/revisions\/2351"}],"wp:featuredmedia":[{"embeddable":true,"href":"https:\/\/www.panaderosderosario.org.ar\/sitio\/wp-json\/wp\/v2\/media\/139"}],"wp:attachment":[{"href":"https:\/\/www.panaderosderosario.org.ar\/sitio\/wp-json\/wp\/v2\/media?parent=140"}],"curies":[{"name":"wp","href":"https:\/\/api.w.org\/{rel}","templated":true}]}}