{"id":135,"date":"2011-07-21T18:23:48","date_gmt":"2011-07-21T21:23:48","guid":{"rendered":"http:\/\/www.panaderosderosario.org.ar\/sitio\/2011\/07\/21\/servicios\/"},"modified":"2021-07-28T16:28:25","modified_gmt":"2021-07-28T19:28:25","slug":"servicios","status":"publish","type":"page","link":"https:\/\/www.panaderosderosario.org.ar\/sitio\/servicios\/","title":{"rendered":"Servicios"},"content":{"rendered":"<p><span style=\"font-size: 14pt;\">Todos nuestros asociados tienen la posibilidad de hacer uso de los siguientes servicios:<\/span><\/p>\n<ul>\n<li>Asesoramiento Contable<\/li>\n<li>Asesoramiento Jur\u00eddico<\/li>\n<li>Turismo<\/li>\n<li>Camping<\/li>\n<li>Escuela de Capacitaci\u00f3n y Empleo<\/li>\n<\/ul>\n<p>Para cualquier consulta acerca de c\u00f3mo acceder a estos servicios no dude en comunicarse con nosotros.<\/p>\n","protected":false},"excerpt":{"rendered":"<p>Todos nuestros asociados tienen la posibilidad de hacer uso de los siguientes servicios: Asesoramiento Contable Asesoramiento Jur\u00eddico Turismo Camping Escuela de Capacitaci\u00f3n y Empleo Para cualquier consulta acerca de c\u00f3mo acceder a estos servicios no dude en comunicarse con nosotros.<\/p>\n","protected":false},"author":1,"featured_media":0,"parent":0,"menu_order":3,"comment_status":"open","ping_status":"open","template":"","meta":{"footnotes":""},"class_list":["post-135","page","type-page","status-publish","hentry"],"_links":{"self":[{"href":"https:\/\/www.panaderosderosario.org.ar\/sitio\/wp-json\/wp\/v2\/pages\/135"}],"collection":[{"href":"https:\/\/www.panaderosderosario.org.ar\/sitio\/wp-json\/wp\/v2\/pages"}],"about":[{"href":"https:\/\/www.panaderosderosario.org.ar\/sitio\/wp-json\/wp\/v2\/types\/page"}],"author":[{"embeddable":true,"href":"https:\/\/www.panaderosderosario.org.ar\/sitio\/wp-json\/wp\/v2\/users\/1"}],"replies":[{"embeddable":true,"href":"https:\/\/www.panaderosderosario.org.ar\/sitio\/wp-json\/wp\/v2\/comments?post=135"}],"version-history":[{"count":5,"href":"https:\/\/www.panaderosderosario.org.ar\/sitio\/wp-json\/wp\/v2\/pages\/135\/revisions"}],"predecessor-version":[{"id":1121,"href":"https:\/\/www.panaderosderosario.org.ar\/sitio\/wp-json\/wp\/v2\/pages\/135\/revisions\/1121"}],"wp:attachment":[{"href":"https:\/\/www.panaderosderosario.org.ar\/sitio\/wp-json\/wp\/v2\/media?parent=135"}],"curies":[{"name":"wp","href":"https:\/\/api.w.org\/{rel}","templated":true}]}}