{"id":105,"date":"2011-07-19T18:00:05","date_gmt":"2011-07-19T21:00:05","guid":{"rendered":"http:\/\/www.panaderosderosario.org.ar\/sitio\/2011\/07\/19\/escalas-salariales\/"},"modified":"2021-07-28T16:26:01","modified_gmt":"2021-07-28T19:26:01","slug":"escalas-salariales","status":"publish","type":"page","link":"https:\/\/www.panaderosderosario.org.ar\/sitio\/escalas-salariales\/","title":{"rendered":"Escalas Salariales"},"content":{"rendered":"<p><span style=\"font-size: 13pt;\">A trav\u00e9s de esta secci\u00f3n le acercamos toda la informaci\u00f3n relativa a los aumentos de sueldos de las distintas actividades del sector, con las escalas salariales correspondientes y vigentes al d\u00eda de la fecha.<\/span><\/p>\n<p>Tambi\u00e9n podr\u00e1 encontrar los Convenios Colectivos de Trabajo marcos de esas escalas salariales, convenios correspondientes a la rama panaderos y pasteleros.<\/p>\n<p>&nbsp;<\/p>\n<a href=\"https:\/\/www.panaderosderosario.org.ar\/sitio\/convenios\/\" target=\"_self\" class=\"btn btn-border btn-medium btn-hover3\" style=\"border-color:#ff7700;color:#ff7700\">CONVENIOS<span><\/span><\/a>\n<a href=\"https:\/\/www.panaderosderosario.org.ar\/sitio\/escala-panaderos\/\" target=\"_self\" class=\"btn btn-border btn-medium btn-hover3\" style=\"border-color:#ff7700;color:#ff7700\">ESCALA PANADEROS<span><\/span><\/a>\n<a href=\"https:\/\/www.panaderosderosario.org.ar\/sitio\/escala-confiteros\/\" target=\"_self\" class=\"btn btn-border btn-medium btn-hover3\" style=\"border-color:#ff7700;color:#ff7700\">ESCALA CONFITEROS<span><\/span><\/a>\n","protected":false},"excerpt":{"rendered":"<p>A trav\u00e9s de esta secci\u00f3n le acercamos toda la informaci\u00f3n relativa a los aumentos de sueldos de las distintas actividades del sector, con las escalas salariales correspondientes y vigentes al d\u00eda de la fecha. Tambi\u00e9n podr\u00e1 encontrar los Convenios Colectivos de Trabajo marcos de esas escalas salariales, convenios correspondientes a la rama panaderos y pasteleros. [&hellip;]<\/p>\n","protected":false},"author":1,"featured_media":0,"parent":0,"menu_order":3,"comment_status":"open","ping_status":"open","template":"","meta":{"footnotes":""},"class_list":["post-105","page","type-page","status-publish","hentry"],"_links":{"self":[{"href":"https:\/\/www.panaderosderosario.org.ar\/sitio\/wp-json\/wp\/v2\/pages\/105"}],"collection":[{"href":"https:\/\/www.panaderosderosario.org.ar\/sitio\/wp-json\/wp\/v2\/pages"}],"about":[{"href":"https:\/\/www.panaderosderosario.org.ar\/sitio\/wp-json\/wp\/v2\/types\/page"}],"author":[{"embeddable":true,"href":"https:\/\/www.panaderosderosario.org.ar\/sitio\/wp-json\/wp\/v2\/users\/1"}],"replies":[{"embeddable":true,"href":"https:\/\/www.panaderosderosario.org.ar\/sitio\/wp-json\/wp\/v2\/comments?post=105"}],"version-history":[{"count":5,"href":"https:\/\/www.panaderosderosario.org.ar\/sitio\/wp-json\/wp\/v2\/pages\/105\/revisions"}],"predecessor-version":[{"id":756,"href":"https:\/\/www.panaderosderosario.org.ar\/sitio\/wp-json\/wp\/v2\/pages\/105\/revisions\/756"}],"wp:attachment":[{"href":"https:\/\/www.panaderosderosario.org.ar\/sitio\/wp-json\/wp\/v2\/media?parent=105"}],"curies":[{"name":"wp","href":"https:\/\/api.w.org\/{rel}","templated":true}]}}